{"id":1412,"date":"2020-11-01T17:31:15","date_gmt":"2020-11-01T15:31:15","guid":{"rendered":"https:\/\/www.notarishuis.eu\/sitemap\/"},"modified":"2020-11-01T17:31:15","modified_gmt":"2020-11-01T15:31:15","slug":"sitemap","status":"publish","type":"page","link":"https:\/\/www.notarishuis.eu\/fr\/sitemap\/","title":{"rendered":"Sitemap"},"content":{"rendered":"<div class=\"wsp-container\"><h2 class=\"wsp-pages-title\">Pages<\/h2>\n<ul class=\"wsp-pages-list\">\n<li class=\"page_item page-item-1339\"><a href=\"https:\/\/www.notarishuis.eu\/fr\/contact\/\">Contact<\/a><\/li>\n<li class=\"page_item page-item-1352\"><a href=\"https:\/\/www.notarishuis.eu\/fr\/cookie-policy\/\">POLITIQUE EN MATI\u00c8RE DE COOKIES<\/a><\/li>\n<li class=\"page_item page-item-1082\"><a href=\"https:\/\/www.notarishuis.eu\/fr\/\">Home<\/a><\/li>\n<li class=\"page_item page-item-1341\"><a href=\"https:\/\/www.notarishuis.eu\/fr\/nos-valeurs\/\">Nos Valeurs<\/a><\/li>\n<li class=\"page_item page-item-1349\"><a href=\"https:\/\/www.notarishuis.eu\/fr\/privacy-policy\/\">POLITIQUE DE CONFIDENTIALIT\u00c9<\/a><\/li>\n<li class=\"page_item page-item-1334\"><a href=\"https:\/\/www.notarishuis.eu\/fr\/sinscrire\/\">S&rsquo;inscrire<\/a><\/li>\n<li class=\"page_item page-item-1412\"><a href=\"https:\/\/www.notarishuis.eu\/fr\/sitemap\/\">Sitemap<\/a><\/li>\n<li class=\"page_item page-item-1345\"><a href=\"https:\/\/www.notarishuis.eu\/fr\/thankyou-page\/\">Thankyou page<\/a><\/li>\n<\/ul>\n<h2 class=\"wsp-blogs-title\">Blog<\/h2>\n<ul class=\"wsp-blogs-list\">\n<li><a href=\"https:\/\/www.notarishuis.eu\/fr\/blog\/le-marche-immobilier-se-retablit-il-vraiment-les-chiffres-parlent\/\">Le march\u00e9 immobilier se r\u00e9tablit-il vraiment ? Les chiffres parlent.<\/a><\/li>\n<li><a href=\"https:\/\/www.notarishuis.eu\/fr\/blog\/la-peripherie-bruxelloise-devient-elle-de-plus-en-plus-attractive-les-dernieres-tendances-le-montrent\/\">La p\u00e9riph\u00e9rie bruxelloise devient-elle de plus en plus attractive ? Les derni\u00e8res tendances le montrent<\/a><\/li>\n<li><a href=\"https:\/\/www.notarishuis.eu\/fr\/blog\/wat-je-moet-weten-bij-het-uitbrengen-van-een-bod\/\">Ce qu\u2019il faut savoir avant de faire une offre<\/a><\/li>\n<\/ul>\n<h2 class=\"wsp-blog_categoriess-title\">Blog Categories<\/h2>\n<ul class=\"wsp-blog_categoriess-list\">\n<li><a href=\"https:\/\/www.notarishuis.eu\/nl\/blog\/aankoop\/\">Aankoop<\/a><\/li>\n<li><a href=\"https:\/\/www.notarishuis.eu\/nl\/blog\/asbest\/\">Asbest<\/a><\/li>\n<li><a href=\"https:\/\/www.notarishuis.eu\/nl\/blog\/energie\/\">Energie<\/a><\/li>\n<li><a href=\"https:\/\/www.notarishuis.eu\/nl\/blog\/vastgoedmarkt\/\">Vastgoedmarkt<\/a><\/li>\n<li><a href=\"https:\/\/www.notarishuis.eu\/nl\/blog\/verkoop\/\">Verkoop<\/a><\/li>\n<\/ul>\n<\/div>\n","protected":false},"excerpt":{"rendered":"","protected":false},"author":1,"featured_media":0,"parent":0,"menu_order":0,"comment_status":"closed","ping_status":"closed","template":"","meta":{"_acf_changed":false,"inline_featured_image":false,"footnotes":""},"tags":[],"class_list":["post-1412","page","type-page","status-publish","hentry"],"acf":[],"yoast_head":"<!-- This site is optimized with the Yoast SEO plugin v27.0 - https:\/\/yoast.com\/product\/yoast-seo-wordpress\/ -->\n<title>Sitemap - Notarishuis<\/title>\n<meta name=\"robots\" content=\"index, follow, max-snippet:-1, max-image-preview:large, max-video-preview:-1\" \/>\n<link rel=\"canonical\" href=\"https:\/\/www.notarishuis.eu\/fr\/sitemap\/\" \/>\n<meta property=\"og:locale\" content=\"fr_FR\" \/>\n<meta property=\"og:type\" content=\"article\" \/>\n<meta property=\"og:title\" content=\"Sitemap - Notarishuis\" \/>\n<meta property=\"og:url\" content=\"https:\/\/www.notarishuis.eu\/fr\/sitemap\/\" \/>\n<meta property=\"og:site_name\" content=\"Notarishuis\" \/>\n<meta property=\"article:publisher\" content=\"https:\/\/www.facebook.com\/notarishuis\/?fref=ts\" \/>\n<meta name=\"twitter:card\" content=\"summary_large_image\" \/>\n<script type=\"application\/ld+json\" class=\"yoast-schema-graph\">{\"@context\":\"https:\/\/schema.org\",\"@graph\":[{\"@type\":\"WebPage\",\"@id\":\"https:\/\/www.notarishuis.eu\/fr\/sitemap\/\",\"url\":\"https:\/\/www.notarishuis.eu\/fr\/sitemap\/\",\"name\":\"Sitemap - Notarishuis\",\"isPartOf\":{\"@id\":\"https:\/\/www.notarishuis.eu\/fr\/#website\"},\"datePublished\":\"2020-11-01T15:31:15+00:00\",\"breadcrumb\":{\"@id\":\"https:\/\/www.notarishuis.eu\/fr\/sitemap\/#breadcrumb\"},\"inLanguage\":\"fr-FR\",\"potentialAction\":[{\"@type\":\"ReadAction\",\"target\":[\"https:\/\/www.notarishuis.eu\/fr\/sitemap\/\"]}]},{\"@type\":\"BreadcrumbList\",\"@id\":\"https:\/\/www.notarishuis.eu\/fr\/sitemap\/#breadcrumb\",\"itemListElement\":[{\"@type\":\"ListItem\",\"position\":1,\"name\":\"Home\",\"item\":\"https:\/\/www.notarishuis.eu\/fr\/\"},{\"@type\":\"ListItem\",\"position\":2,\"name\":\"Sitemap\"}]},{\"@type\":\"WebSite\",\"@id\":\"https:\/\/www.notarishuis.eu\/fr\/#website\",\"url\":\"https:\/\/www.notarishuis.eu\/fr\/\",\"name\":\"Notarishuis\",\"description\":\"\",\"publisher\":{\"@id\":\"https:\/\/www.notarishuis.eu\/fr\/#organization\"},\"potentialAction\":[{\"@type\":\"SearchAction\",\"target\":{\"@type\":\"EntryPoint\",\"urlTemplate\":\"https:\/\/www.notarishuis.eu\/fr\/?s={search_term_string}\"},\"query-input\":{\"@type\":\"PropertyValueSpecification\",\"valueRequired\":true,\"valueName\":\"search_term_string\"}}],\"inLanguage\":\"fr-FR\"},{\"@type\":\"Organization\",\"@id\":\"https:\/\/www.notarishuis.eu\/fr\/#organization\",\"name\":\"Notarishuis\",\"url\":\"https:\/\/www.notarishuis.eu\/fr\/\",\"logo\":{\"@type\":\"ImageObject\",\"inLanguage\":\"fr-FR\",\"@id\":\"https:\/\/www.notarishuis.eu\/fr\/#\/schema\/logo\/image\/\",\"url\":\"https:\/\/www.notarishuis.eu\/wp-content\/uploads\/2022\/10\/Logo_notarishuis-1.svg\",\"contentUrl\":\"https:\/\/www.notarishuis.eu\/wp-content\/uploads\/2022\/10\/Logo_notarishuis-1.svg\",\"width\":320,\"height\":85,\"caption\":\"Notarishuis\"},\"image\":{\"@id\":\"https:\/\/www.notarishuis.eu\/fr\/#\/schema\/logo\/image\/\"},\"sameAs\":[\"https:\/\/www.facebook.com\/notarishuis\/?fref=ts\",\"https:\/\/www.linkedin.com\/company\/notarishuis-eu\/\"]}]}<\/script>\n<!-- \/ Yoast SEO plugin. -->","yoast_head_json":{"title":"Sitemap - Notarishuis","robots":{"index":"index","follow":"follow","max-snippet":"max-snippet:-1","max-image-preview":"max-image-preview:large","max-video-preview":"max-video-preview:-1"},"canonical":"https:\/\/www.notarishuis.eu\/fr\/sitemap\/","og_locale":"fr_FR","og_type":"article","og_title":"Sitemap - Notarishuis","og_url":"https:\/\/www.notarishuis.eu\/fr\/sitemap\/","og_site_name":"Notarishuis","article_publisher":"https:\/\/www.facebook.com\/notarishuis\/?fref=ts","twitter_card":"summary_large_image","schema":{"@context":"https:\/\/schema.org","@graph":[{"@type":"WebPage","@id":"https:\/\/www.notarishuis.eu\/fr\/sitemap\/","url":"https:\/\/www.notarishuis.eu\/fr\/sitemap\/","name":"Sitemap - Notarishuis","isPartOf":{"@id":"https:\/\/www.notarishuis.eu\/fr\/#website"},"datePublished":"2020-11-01T15:31:15+00:00","breadcrumb":{"@id":"https:\/\/www.notarishuis.eu\/fr\/sitemap\/#breadcrumb"},"inLanguage":"fr-FR","potentialAction":[{"@type":"ReadAction","target":["https:\/\/www.notarishuis.eu\/fr\/sitemap\/"]}]},{"@type":"BreadcrumbList","@id":"https:\/\/www.notarishuis.eu\/fr\/sitemap\/#breadcrumb","itemListElement":[{"@type":"ListItem","position":1,"name":"Home","item":"https:\/\/www.notarishuis.eu\/fr\/"},{"@type":"ListItem","position":2,"name":"Sitemap"}]},{"@type":"WebSite","@id":"https:\/\/www.notarishuis.eu\/fr\/#website","url":"https:\/\/www.notarishuis.eu\/fr\/","name":"Notarishuis","description":"","publisher":{"@id":"https:\/\/www.notarishuis.eu\/fr\/#organization"},"potentialAction":[{"@type":"SearchAction","target":{"@type":"EntryPoint","urlTemplate":"https:\/\/www.notarishuis.eu\/fr\/?s={search_term_string}"},"query-input":{"@type":"PropertyValueSpecification","valueRequired":true,"valueName":"search_term_string"}}],"inLanguage":"fr-FR"},{"@type":"Organization","@id":"https:\/\/www.notarishuis.eu\/fr\/#organization","name":"Notarishuis","url":"https:\/\/www.notarishuis.eu\/fr\/","logo":{"@type":"ImageObject","inLanguage":"fr-FR","@id":"https:\/\/www.notarishuis.eu\/fr\/#\/schema\/logo\/image\/","url":"https:\/\/www.notarishuis.eu\/wp-content\/uploads\/2022\/10\/Logo_notarishuis-1.svg","contentUrl":"https:\/\/www.notarishuis.eu\/wp-content\/uploads\/2022\/10\/Logo_notarishuis-1.svg","width":320,"height":85,"caption":"Notarishuis"},"image":{"@id":"https:\/\/www.notarishuis.eu\/fr\/#\/schema\/logo\/image\/"},"sameAs":["https:\/\/www.facebook.com\/notarishuis\/?fref=ts","https:\/\/www.linkedin.com\/company\/notarishuis-eu\/"]}]}},"_links":{"self":[{"href":"https:\/\/www.notarishuis.eu\/fr\/wp-json\/wp\/v2\/pages\/1412","targetHints":{"allow":["GET"]}}],"collection":[{"href":"https:\/\/www.notarishuis.eu\/fr\/wp-json\/wp\/v2\/pages"}],"about":[{"href":"https:\/\/www.notarishuis.eu\/fr\/wp-json\/wp\/v2\/types\/page"}],"author":[{"embeddable":true,"href":"https:\/\/www.notarishuis.eu\/fr\/wp-json\/wp\/v2\/users\/1"}],"replies":[{"embeddable":true,"href":"https:\/\/www.notarishuis.eu\/fr\/wp-json\/wp\/v2\/comments?post=1412"}],"version-history":[{"count":0,"href":"https:\/\/www.notarishuis.eu\/fr\/wp-json\/wp\/v2\/pages\/1412\/revisions"}],"wp:attachment":[{"href":"https:\/\/www.notarishuis.eu\/fr\/wp-json\/wp\/v2\/media?parent=1412"}],"wp:term":[{"taxonomy":"post_tag","embeddable":true,"href":"https:\/\/www.notarishuis.eu\/fr\/wp-json\/wp\/v2\/tags?post=1412"}],"curies":[{"name":"wp","href":"https:\/\/api.w.org\/{rel}","templated":true}]}}